{"id":460,"date":"2022-05-12T12:16:55","date_gmt":"2022-05-12T12:16:55","guid":{"rendered":"https:\/\/mixspy.com\/?post_type=product&#038;p=460"},"modified":"2025-10-12T00:58:25","modified_gmt":"2025-10-12T00:58:25","slug":"spy-watch-tmd-750","status":"publish","type":"product","link":"https:\/\/mixspy.com\/index.php\/product\/spy-watch-tmd-750\/","title":{"rendered":"Spy Watch tmd-750"},"content":{"rendered":"<h1 class=\"a-size-base-plus a-text-bold\">Description<\/h1>\n<p>Ce lien comprend 4\u00a0mod\u00e8le, veuillez cliquer sur petite fen\u00eatre au choix\u202f: 1) seul tmd-750\u00a0montre<br \/>\n2) que seules les tmd-750\u00a0C cam\u00e9ra HD<br \/>\n3) tous les ensembles tmd-750\u00a0avec oreillette<br \/>\n4) ensembles complets tmd-750\u00a0C avec oreillette<br \/>\ntmd-750\u00a0est une montre de multi fonction montre t\u00e9l\u00e9phone mobile Bluetooth + induction + Iris Covert montre, puissante qu&#8217;une seule dans le monde<\/p>\n<p>Colis\/liste des accessoires\u202f:<br \/>\n1\u00a0x Covert oreillette a780\u00a0ou cs-205, peau ou noir (uniquement les ensembles complets)<br \/>\n10\u00a0x sr337sw (416) Batterie pour oreillette (uniquement les ensembles complets)<br \/>\n1\u00a0x tmd-750\u00a0(C) iris-confidential GSM montre, cam\u00e9ra HD int\u00e9gr\u00e9 (seulement tmd-750\u00a0C)<br \/>\n1\u00a0x 110\u2013220\u00a0V chargeur, Europe ou aux \u00c9tats-Unis<br \/>\n2\u00a0x 1200\u00a0mAh li-battery, avec 120\u00a0heures de temps de veille<br \/>\n1\u00a0x lunettes tmd-750g Iris<br \/>\nSur iris-confidential GSM montre<br \/>\nLe tmd-750\u00a0est la premi\u00e8re au monde Iris confidentielles GSM montre loin de Snoop. Rien du tout sur l&#8217;\u00e9cran, doivent porter un Iris sp\u00e9cial.<br \/>\nLa montre offre la meilleure solution de communications secr\u00e8tes \u00e0 des moments o\u00f9 le secret et la confidentialit\u00e9 sont d&#8217;une importance primordiale. Par exemple, la surveillance, la protection du VIP, enqu\u00eate, etc. Les sp\u00e9cifications techniques des diff\u00e9rents composants entre eux puissent \u00eatre utilis\u00e9s avec une vaste gamme de radios personnelles.<br \/>\nDans le domaine de la s\u00e9curit\u00e9 professionnelle, ce nouveau iris-confidential GSM montre sera tr\u00e8s appr\u00e9ci\u00e9e par les forces de s\u00e9curit\u00e9 et unit\u00e9s sp\u00e9ciales de l&#8217;arm\u00e9e. edimaeg tmd-750\u00a0commande vous permet de vous informer et alerter votre \u00e9quipe, sans leur transport visible des communications.<br \/>\nCaract\u00e9ristiques du produit<br \/>\n* rien du tout sur l&#8217;\u00e9cran, vous \u00eates le seul apr\u00e8s avoir port\u00e9 le tmd-750l (g) de l&#8217;iris<br \/>\n* Un v\u00e9ritable t\u00e9l\u00e9phone mobile, GSM\/GPRS 850\/900\/1800\/1900\u00a0MHz, travail amende dans tous les pays<br \/>\nCaract\u00e9ristiques optionnelles\u202f: confidentialit\u00e9 \u00e9coute<br \/>\nDeux fonction de l&#8217;induction, transmettent le son directement \u00e0 l&#8217;oreillette<\/p>\n","protected":false},"excerpt":{"rendered":"<p><strong>About this item<\/strong><\/p>\n<p>tmd-750\u00a0est une montre de multi fonction montre t\u00e9l\u00e9phone mobile Bluetooth + induction + Iris Covert montre, puissante qu&#8217;une seule dans le monde<\/p>\n","protected":false},"featured_media":461,"comment_status":"open","ping_status":"closed","template":"","meta":[],"product_cat":[50],"product_tag":[],"_links":{"self":[{"href":"https:\/\/mixspy.com\/index.php\/wp-json\/wp\/v2\/product\/460"}],"collection":[{"href":"https:\/\/mixspy.com\/index.php\/wp-json\/wp\/v2\/product"}],"about":[{"href":"https:\/\/mixspy.com\/index.php\/wp-json\/wp\/v2\/types\/product"}],"replies":[{"embeddable":true,"href":"https:\/\/mixspy.com\/index.php\/wp-json\/wp\/v2\/comments?post=460"}],"wp:featuredmedia":[{"embeddable":true,"href":"https:\/\/mixspy.com\/index.php\/wp-json\/wp\/v2\/media\/461"}],"wp:attachment":[{"href":"https:\/\/mixspy.com\/index.php\/wp-json\/wp\/v2\/media?parent=460"}],"wp:term":[{"taxonomy":"product_cat","embeddable":true,"href":"https:\/\/mixspy.com\/index.php\/wp-json\/wp\/v2\/product_cat?post=460"},{"taxonomy":"product_tag","embeddable":true,"href":"https:\/\/mixspy.com\/index.php\/wp-json\/wp\/v2\/product_tag?post=460"}],"curies":[{"name":"wp","href":"https:\/\/api.w.org\/{rel}","templated":true}]}}