{"id":442,"date":"2022-05-12T10:15:11","date_gmt":"2022-05-12T10:15:11","guid":{"rendered":"https:\/\/mixspy.com\/?post_type=product&#038;p=442"},"modified":"2026-04-05T12:13:52","modified_gmt":"2026-04-05T12:13:52","slug":"supermini-black-normal-spy-neckloop-earpiece","status":"publish","type":"product","link":"https:\/\/mixspy.com\/index.php\/product\/supermini-black-normal-spy-neckloop-earpiece\/","title":{"rendered":"SuperMini Black Normal Spy Neckloop Earpiece"},"content":{"rendered":"<h1 class=\"a-size-base-plus a-text-bold\">Description<\/h1>\n<p>ce produit est le dernier mod\u00e8le qui se caract\u00e9rise par son design le plus innovant du march\u00e9 en combinant le plus petit casque avec le dernier mod\u00e8le de collier \u00e0 induction. \u00c9tant plus petit que le reste du produit, il est totalement ins\u00e9r\u00e9 dans le canal auditif, ce qui le rend totalement invisible (100 % inappr\u00e9ciable). Sa qualit\u00e9 et l&#8217;intensit\u00e9 du son est sup\u00e9rieure \u00e0 ses mod\u00e8les pr\u00e9d\u00e9cesseurs et l&#8217;autonomie de chaque pile (2 incluses) atteint 5 heures de conversation continue. L&#8217;oreillette a une forme conique et allong\u00e9e, ce qui lui permet d&#8217;\u00eatre parfaitement ajust\u00e9e dans l&#8217;oreille. Le collier \u00e0 induction est unique gr\u00e2ce \u00e0 sa couleur noire qui le rend tr\u00e8s facile \u00e0 cacher sous vos v\u00eatements. Le diam\u00e8tre du collier \u00e0 induction est de 1 mm, tandis que sur le reste du march\u00e9, il mesure entre 3 et 4 mm. Cela permet au collier de passer inaper\u00e7u sous les v\u00eatements. La sortie du collier inducteur est jack 3,5 mm et est donc compatible avec tout type d&#8217;appareil (Mp3, MP4, iPod, enregistreur, tout mod\u00e8le de t\u00e9l\u00e9phone portable, etc.). En outre, il dispose d&#8217;un microphone externe haute sensibilit\u00e9 qui transmet le son intense. Gr\u00e2ce \u00e0 la longueur du c\u00e2ble du microphone, vous pouvez le camoufler dans n&#8217;importe quelle position proche de la bouche. Tamb\u00eden poss\u00e8de un bouton pour prendre les appels ou passer de piste (en appuyant deux fois) au cas o\u00f9 vous avez choisi d&#8217;utiliser un enregistrement.<\/p>\n<p><img loading=\"lazy\" class=\"alignnone size-full wp-image-449\" src=\"https:\/\/mixspy.com\/wp-content\/uploads\/2022\/05\/5-8.jpg\" alt=\"\" width=\"1200\" height=\"974\" srcset=\"https:\/\/mixspy.com\/wp-content\/uploads\/2022\/05\/5-8.jpg 1200w, https:\/\/mixspy.com\/wp-content\/uploads\/2022\/05\/5-8-300x244.jpg 300w, https:\/\/mixspy.com\/wp-content\/uploads\/2022\/05\/5-8-1024x831.jpg 1024w, https:\/\/mixspy.com\/wp-content\/uploads\/2022\/05\/5-8-768x623.jpg 768w, https:\/\/mixspy.com\/wp-content\/uploads\/2022\/05\/5-8-600x487.jpg 600w, https:\/\/mixspy.com\/wp-content\/uploads\/2022\/05\/5-8-48x39.jpg 48w\" sizes=\"(max-width: 1200px) 100vw, 1200px\" \/><\/p>\n<p>&#8211; Contenu du paquet :<br \/>\n&gt; 1 Pinga VIP Pro Supermini<br \/>\n&gt; 1 collier \u00e0 induction LT1 avec microphone int\u00e9gr\u00e9.<br \/>\n&gt; Pile de haute qualit\u00e9.<\/p>\n","protected":false},"excerpt":{"rendered":"<p><strong>About this item<\/strong><\/p>\n<p>ce produit est le dernier mod\u00e8le qui se caract\u00e9rise par son design le plus innovant du march\u00e9 en combinant le plus petit casque avec le dernier mod\u00e8le de collier \u00e0 induction.<\/p>\n","protected":false},"featured_media":443,"comment_status":"open","ping_status":"closed","template":"","meta":[],"product_cat":[49],"product_tag":[],"_links":{"self":[{"href":"https:\/\/mixspy.com\/index.php\/wp-json\/wp\/v2\/product\/442"}],"collection":[{"href":"https:\/\/mixspy.com\/index.php\/wp-json\/wp\/v2\/product"}],"about":[{"href":"https:\/\/mixspy.com\/index.php\/wp-json\/wp\/v2\/types\/product"}],"replies":[{"embeddable":true,"href":"https:\/\/mixspy.com\/index.php\/wp-json\/wp\/v2\/comments?post=442"}],"wp:featuredmedia":[{"embeddable":true,"href":"https:\/\/mixspy.com\/index.php\/wp-json\/wp\/v2\/media\/443"}],"wp:attachment":[{"href":"https:\/\/mixspy.com\/index.php\/wp-json\/wp\/v2\/media?parent=442"}],"wp:term":[{"taxonomy":"product_cat","embeddable":true,"href":"https:\/\/mixspy.com\/index.php\/wp-json\/wp\/v2\/product_cat?post=442"},{"taxonomy":"product_tag","embeddable":true,"href":"https:\/\/mixspy.com\/index.php\/wp-json\/wp\/v2\/product_tag?post=442"}],"curies":[{"name":"wp","href":"https:\/\/api.w.org\/{rel}","templated":true}]}}