{"id":395,"date":"2022-05-12T09:09:39","date_gmt":"2022-05-12T09:09:39","guid":{"rendered":"https:\/\/mixspy.com\/?post_type=product&#038;p=395"},"modified":"2026-02-14T18:07:07","modified_gmt":"2026-02-14T18:07:07","slug":"hero-bleutooth-earpiece-spy-kit","status":"publish","type":"product","link":"https:\/\/mixspy.com\/index.php\/product\/hero-bleutooth-earpiece-spy-kit\/","title":{"rendered":"Hero Wireless Bleutooth Earpiece Spy Kit"},"content":{"rendered":"<h1 class=\"a-size-base-plus a-text-bold\">Description<\/h1>\n<div style=\"width: 640px;\" class=\"wp-video\"><!--[if lt IE 9]><script>document.createElement('video');<\/script><![endif]-->\n<video class=\"wp-video-shortcode\" id=\"video-395-1\" width=\"640\" height=\"360\" preload=\"metadata\" controls=\"controls\"><source type=\"video\/mp4\" src=\"https:\/\/mixspy.com\/wp-content\/uploads\/2022\/05\/EDIMAEG-\u2013-amplificateur-Bluetooth.mp4?_=1\" \/><a href=\"https:\/\/mixspy.com\/wp-content\/uploads\/2022\/05\/EDIMAEG-\u2013-amplificateur-Bluetooth.mp4\">https:\/\/mixspy.com\/wp-content\/uploads\/2022\/05\/EDIMAEG-\u2013-amplificateur-Bluetooth.mp4<\/a><\/video><\/div>\n<p>&nbsp;<\/p>\n<p>Contenu de la livraison :<br \/>\n1 amplificateur professionnel Bluetooth puissant de 4,5 W, id\u00e9al pour tout t\u00e9l\u00e9phone mobile, conversation bidirectionnelle et \u00e9coute MP3. Peut \u00e9galement fonctionner avec un aimant (non inclus).<br \/>\n(Si vous n&#8217;avez pas d&#8217;\u00e9couteurs, veuillez acheter des ensembles complets).<br \/>\n1 chargeur 110-220 V.<br \/>\n<img loading=\"lazy\" class=\"alignnone size-full wp-image-402\" src=\"https:\/\/mixspy.com\/wp-content\/uploads\/2022\/05\/6-1.jpg\" alt=\"\" width=\"800\" height=\"666\" srcset=\"https:\/\/mixspy.com\/wp-content\/uploads\/2022\/05\/6-1.jpg 800w, https:\/\/mixspy.com\/wp-content\/uploads\/2022\/05\/6-1-300x250.jpg 300w, https:\/\/mixspy.com\/wp-content\/uploads\/2022\/05\/6-1-768x639.jpg 768w, https:\/\/mixspy.com\/wp-content\/uploads\/2022\/05\/6-1-600x500.jpg 600w, https:\/\/mixspy.com\/wp-content\/uploads\/2022\/05\/6-1-48x40.jpg 48w\" sizes=\"(max-width: 800px) 100vw, 800px\" \/><\/p>\n<p><img loading=\"lazy\" class=\"alignnone size-full wp-image-401\" src=\"https:\/\/mixspy.com\/wp-content\/uploads\/2022\/05\/5-3.jpg\" alt=\"\" width=\"640\" height=\"640\" srcset=\"https:\/\/mixspy.com\/wp-content\/uploads\/2022\/05\/5-3.jpg 640w, https:\/\/mixspy.com\/wp-content\/uploads\/2022\/05\/5-3-300x300.jpg 300w, https:\/\/mixspy.com\/wp-content\/uploads\/2022\/05\/5-3-150x150.jpg 150w, https:\/\/mixspy.com\/wp-content\/uploads\/2022\/05\/5-3-320x320.jpg 320w, https:\/\/mixspy.com\/wp-content\/uploads\/2022\/05\/5-3-600x600.jpg 600w, https:\/\/mixspy.com\/wp-content\/uploads\/2022\/05\/5-3-100x100.jpg 100w, https:\/\/mixspy.com\/wp-content\/uploads\/2022\/05\/5-3-48x48.jpg 48w\" sizes=\"(max-width: 640px) 100vw, 640px\" \/><\/p>\n<p>Le collier EDIMAEG transmet le signal d&#8217;un t\u00e9l\u00e9phone mobile dans un champ magn\u00e9tique couvrant chaque c\u00f4t\u00e9 de la t\u00eate de l&#8217;utilisateur. Ce champ peut \u00eatre d\u00e9tect\u00e9 par une oreillette EDIMAEG CIC sans fil. Le collier Blue-Tooth est tr\u00e8s confortable \u00e0 porter et peut \u00eatre facilement dissimul\u00e9 sous les v\u00eatements. Son champ magn\u00e9tique permet \u00e0 l&#8217;utilisateur une totale libert\u00e9 de mouvement. Cette distance sans fil est de 10 m\u00e8tres ou donc tr\u00e8s importante pour de nombreuses occasions.<\/p>\n<p>Caract\u00e9ristiques principales :<br \/>\nConnexion sans fil<br \/>\nL&#8217;oreillette est de 120 cm maximum, du murmure \u00e0 l&#8217;assourdissement, cet article peut d\u00e9finir 30 dBm ~ 128 dBm.<br \/>\ncontr\u00f4ler le MP3 si votre t\u00e9l\u00e9phone portable a<br \/>\nPour t\u00e9l\u00e9phone portable &lt;10 m.<br \/>\nNum\u00e9rotation vocale disponible.<br \/>\nAutonomie de la batterie : 3 \u00e0 5 heures.<br \/>\nAutonomie en veille : 72 heures.<br \/>\nBatterie int\u00e9gr\u00e9e 480 mAh.<br \/>\nSN 0000 ou 1111.<\/p>\n<p>Comment \u00e7a marche ?<br \/>\nRemarque : ne pas r\u00e9gler la puissance de sortie trop \u00e9lev\u00e9e, \u00e9vite les surcharges.<br \/>\n1) Porter des \u00e9couteurs (vous avez?) dans votre conduit auditif (un son tr\u00e8s faible et un son de touche).<br \/>\n2) Connectez-vous \u00e0 votre t\u00e9l\u00e9phone mobile et appairez-le<br \/>\n3) Portez le collier autour de votre cou.<\/p>\n","protected":false},"excerpt":{"rendered":"<p><strong>About this item<\/strong><\/p>\n<p>Maintenant sur l&#8217;\u00e9cran de votre PC, il s&#8217;agit uniquement d&#8217;un mod\u00e8le de collier blanc.<br \/>\nCe lien comprend 5 mod\u00e8les : 1) Tour de cou noir uniquement, 2) Tour de cou blanc uniquement, 3) Mod\u00e8le de micro externe noir, 3) Ensembles complets avec \u00e9couteur, 4) Ensemble complet de mod\u00e8le de micro externe.<\/p>\n","protected":false},"featured_media":396,"comment_status":"open","ping_status":"closed","template":"","meta":[],"product_cat":[48],"product_tag":[],"_links":{"self":[{"href":"https:\/\/mixspy.com\/index.php\/wp-json\/wp\/v2\/product\/395"}],"collection":[{"href":"https:\/\/mixspy.com\/index.php\/wp-json\/wp\/v2\/product"}],"about":[{"href":"https:\/\/mixspy.com\/index.php\/wp-json\/wp\/v2\/types\/product"}],"replies":[{"embeddable":true,"href":"https:\/\/mixspy.com\/index.php\/wp-json\/wp\/v2\/comments?post=395"}],"wp:featuredmedia":[{"embeddable":true,"href":"https:\/\/mixspy.com\/index.php\/wp-json\/wp\/v2\/media\/396"}],"wp:attachment":[{"href":"https:\/\/mixspy.com\/index.php\/wp-json\/wp\/v2\/media?parent=395"}],"wp:term":[{"taxonomy":"product_cat","embeddable":true,"href":"https:\/\/mixspy.com\/index.php\/wp-json\/wp\/v2\/product_cat?post=395"},{"taxonomy":"product_tag","embeddable":true,"href":"https:\/\/mixspy.com\/index.php\/wp-json\/wp\/v2\/product_tag?post=395"}],"curies":[{"name":"wp","href":"https:\/\/api.w.org\/{rel}","templated":true}]}}