{"id":386,"date":"2022-05-12T08:57:42","date_gmt":"2022-05-12T08:57:42","guid":{"rendered":"https:\/\/mixspy.com\/?post_type=product&#038;p=386"},"modified":"2025-10-27T11:22:56","modified_gmt":"2025-10-27T11:22:56","slug":"debardeur-bluetooth-kit-invisible","status":"publish","type":"product","link":"https:\/\/mixspy.com\/index.php\/product\/debardeur-bluetooth-kit-invisible\/","title":{"rendered":"D\u00e9bardeur Bluetooth Kit Invisible"},"content":{"rendered":"<h1 class=\"a-size-base-plus a-text-bold\">Description<\/h1>\n<p>Ce mini oreillette est connect\u00e9 avec le d\u00e9bardeur de fa\u00e7on discr\u00e8te et sans fil.\u00a0Vous n\u2019aurez qu\u2019\u00e0 connecter le d\u00e9bardeur avec votre portable via Bluetooth et commencer \u00e0 \u00e9couter sans \u00eatre d\u00e9couverts.<br \/>\nAutonomie d&#8217;utilisation : environ 5 \u00e0 6h<\/p>\n<p>Caract\u00e9ristiques:<br \/>\nD\u00e9bardeur : taille unique<br \/>\nOreillette de couleur chair, l\u00e9g\u00e8re et confortable \u00e0 porter.<br \/>\nPile bouton standard SR416 -337\u00a0fournie<br \/>\nTaille : 13,5&#215;5 mm<br \/>\nPoids oreillette : 0.8 grammes (pile inclue)<br \/>\nCONTENU DE L\u2019EMBALLAGE:<br \/>\n1 X D\u00e9bardeur Bluetooth<br \/>\n1 X Mini Oreillette<br \/>\n1 X Pile<\/p>\n","protected":false},"excerpt":{"rendered":"<p><strong>About this item<\/strong><\/p>\n<p>Ce mini oreillette est connect\u00e9 avec le d\u00e9bardeur de fa\u00e7on discr\u00e8te et sans fil.\u00a0Vous n\u2019aurez qu\u2019\u00e0 connecter le d\u00e9bardeur avec votre portable via Bluetooth et commencer \u00e0 \u00e9couter sans \u00eatre d\u00e9couverts.<\/p>\n","protected":false},"featured_media":387,"comment_status":"open","ping_status":"closed","template":"","meta":[],"product_cat":[48],"product_tag":[],"_links":{"self":[{"href":"https:\/\/mixspy.com\/index.php\/wp-json\/wp\/v2\/product\/386"}],"collection":[{"href":"https:\/\/mixspy.com\/index.php\/wp-json\/wp\/v2\/product"}],"about":[{"href":"https:\/\/mixspy.com\/index.php\/wp-json\/wp\/v2\/types\/product"}],"replies":[{"embeddable":true,"href":"https:\/\/mixspy.com\/index.php\/wp-json\/wp\/v2\/comments?post=386"}],"wp:featuredmedia":[{"embeddable":true,"href":"https:\/\/mixspy.com\/index.php\/wp-json\/wp\/v2\/media\/387"}],"wp:attachment":[{"href":"https:\/\/mixspy.com\/index.php\/wp-json\/wp\/v2\/media?parent=386"}],"wp:term":[{"taxonomy":"product_cat","embeddable":true,"href":"https:\/\/mixspy.com\/index.php\/wp-json\/wp\/v2\/product_cat?post=386"},{"taxonomy":"product_tag","embeddable":true,"href":"https:\/\/mixspy.com\/index.php\/wp-json\/wp\/v2\/product_tag?post=386"}],"curies":[{"name":"wp","href":"https:\/\/api.w.org\/{rel}","templated":true}]}}