{"id":354,"date":"2022-05-11T12:25:29","date_gmt":"2022-05-11T12:25:29","guid":{"rendered":"https:\/\/mixspy.com\/?post_type=product&#038;p=354"},"modified":"2026-04-05T12:12:13","modified_gmt":"2026-04-05T12:12:13","slug":"spy-camera-wifi-distance","status":"publish","type":"product","link":"https:\/\/mixspy.com\/index.php\/product\/spy-camera-wifi-distance\/","title":{"rendered":"Long Range Wireless Spy Camera"},"content":{"rendered":"<h1 class=\"a-size-base-plus a-text-bold\">Description<\/h1>\n<p>Batterie int\u00e9gr\u00e9e 1300 mA pour 5 heures de travail.<br \/>\nMicro oreille sans fil avec batterie 337.<br \/>\nRecevez la vid\u00e9o au t\u00e9l\u00e9phone, cliquez sur l&#8217;ic\u00f4ne PTT \u00e0 l&#8217;\u00e9cran pour parler.<br \/>\nR\u00e9solution vid\u00e9o de haute qualit\u00e9 4K<br \/>\nConnexion WiFi.<br \/>\nTransmission sans fil aux \u00e9couteurs d&#8217;environ 15 cm<br \/>\nAPPLICATION gratuite nom (HDCameraPro)<br \/>\nDonn\u00e9es techniques:<br \/>\nR\u00e9solution vid\u00e9o: 4K \/ 1080p \/ 720p<br \/>\nBatterie: Li-ion rechargeable de 1300 mA<br \/>\nDur\u00e9e de fonctionnement de la batterie: jusqu&#8217;\u00e0 5 heures<br \/>\nChargement: USB 5V 1A ou 2A<br \/>\nM\u00e9moire: carte Micro SC jusqu&#8217;\u00e0 128 go<br \/>\nConnexion: Connexion Wi-fi<br \/>\nMode de fonctionnement: mode AP Local 6 m\u00e8tres autour de la cam\u00e9ra\/P2P dans le monde entier<br \/>\nAntenne: interne<br \/>\nNom de L&#8217;APPLICATION: HDCameraPro<br \/>\nTaille de la cam\u00e9ra: objectif 12&#215;0.8 cm, corps de la cam\u00e9ra 8&#215;4 cm, bobine d&#8217;induction 32 cm.<\/p>\n<p>Paquet:<br \/>\n1 * cam\u00e9ra<br \/>\n1 * c\u00e2ble de chargement USB<br \/>\n1 * jeu de couvercles d&#8217;objectif<br \/>\n1 * verrouillage d&#8217;oreille<br \/>\n2 * batterie 337<\/p>\n<p><img loading=\"lazy\" class=\"size-full wp-image-364 aligncenter\" src=\"https:\/\/mixspy.com\/wp-content\/uploads\/2022\/05\/Screenshot_10.jpg\" alt=\"\" width=\"860\" height=\"839\" srcset=\"https:\/\/mixspy.com\/wp-content\/uploads\/2022\/05\/Screenshot_10.jpg 860w, https:\/\/mixspy.com\/wp-content\/uploads\/2022\/05\/Screenshot_10-300x293.jpg 300w, https:\/\/mixspy.com\/wp-content\/uploads\/2022\/05\/Screenshot_10-768x749.jpg 768w, https:\/\/mixspy.com\/wp-content\/uploads\/2022\/05\/Screenshot_10-600x585.jpg 600w, https:\/\/mixspy.com\/wp-content\/uploads\/2022\/05\/Screenshot_10-48x47.jpg 48w\" sizes=\"(max-width: 860px) 100vw, 860px\" \/> <img loading=\"lazy\" class=\"size-full wp-image-359 aligncenter\" src=\"https:\/\/mixspy.com\/wp-content\/uploads\/2022\/05\/Screenshot_5.jpg\" alt=\"\" width=\"866\" height=\"842\" srcset=\"https:\/\/mixspy.com\/wp-content\/uploads\/2022\/05\/Screenshot_5.jpg 866w, https:\/\/mixspy.com\/wp-content\/uploads\/2022\/05\/Screenshot_5-300x292.jpg 300w, https:\/\/mixspy.com\/wp-content\/uploads\/2022\/05\/Screenshot_5-768x747.jpg 768w, https:\/\/mixspy.com\/wp-content\/uploads\/2022\/05\/Screenshot_5-600x583.jpg 600w, https:\/\/mixspy.com\/wp-content\/uploads\/2022\/05\/Screenshot_5-48x47.jpg 48w\" sizes=\"(max-width: 866px) 100vw, 866px\" \/> <img loading=\"lazy\" class=\"size-full wp-image-360 aligncenter\" src=\"https:\/\/mixspy.com\/wp-content\/uploads\/2022\/05\/Screenshot_6.jpg\" alt=\"\" width=\"886\" height=\"837\" srcset=\"https:\/\/mixspy.com\/wp-content\/uploads\/2022\/05\/Screenshot_6.jpg 886w, https:\/\/mixspy.com\/wp-content\/uploads\/2022\/05\/Screenshot_6-300x283.jpg 300w, https:\/\/mixspy.com\/wp-content\/uploads\/2022\/05\/Screenshot_6-768x726.jpg 768w, https:\/\/mixspy.com\/wp-content\/uploads\/2022\/05\/Screenshot_6-600x567.jpg 600w, https:\/\/mixspy.com\/wp-content\/uploads\/2022\/05\/Screenshot_6-48x45.jpg 48w\" sizes=\"(max-width: 886px) 100vw, 886px\" \/> <img loading=\"lazy\" class=\"size-full wp-image-357 aligncenter\" src=\"https:\/\/mixspy.com\/wp-content\/uploads\/2022\/05\/Screenshot_3.jpg\" alt=\"\" width=\"877\" height=\"827\" srcset=\"https:\/\/mixspy.com\/wp-content\/uploads\/2022\/05\/Screenshot_3.jpg 877w, https:\/\/mixspy.com\/wp-content\/uploads\/2022\/05\/Screenshot_3-300x283.jpg 300w, https:\/\/mixspy.com\/wp-content\/uploads\/2022\/05\/Screenshot_3-768x724.jpg 768w, https:\/\/mixspy.com\/wp-content\/uploads\/2022\/05\/Screenshot_3-600x566.jpg 600w, https:\/\/mixspy.com\/wp-content\/uploads\/2022\/05\/Screenshot_3-48x45.jpg 48w\" sizes=\"(max-width: 877px) 100vw, 877px\" \/> <img loading=\"lazy\" class=\"size-full wp-image-356 aligncenter\" src=\"https:\/\/mixspy.com\/wp-content\/uploads\/2022\/05\/Screenshot_2.jpg\" alt=\"\" width=\"877\" height=\"846\" srcset=\"https:\/\/mixspy.com\/wp-content\/uploads\/2022\/05\/Screenshot_2.jpg 877w, https:\/\/mixspy.com\/wp-content\/uploads\/2022\/05\/Screenshot_2-300x289.jpg 300w, https:\/\/mixspy.com\/wp-content\/uploads\/2022\/05\/Screenshot_2-768x741.jpg 768w, https:\/\/mixspy.com\/wp-content\/uploads\/2022\/05\/Screenshot_2-600x579.jpg 600w, https:\/\/mixspy.com\/wp-content\/uploads\/2022\/05\/Screenshot_2-48x46.jpg 48w\" sizes=\"(max-width: 877px) 100vw, 877px\" \/><\/p>\n","protected":false},"excerpt":{"rendered":"<p><strong>About this item<\/strong><\/p>\n<p>Cam\u00e9ra IP WiFi 4K avec Communication bidirectionnelle, batterie int\u00e9gr\u00e9e et dispositif d&#8217;oreille<\/p>\n","protected":false},"featured_media":355,"comment_status":"open","ping_status":"closed","template":"","meta":[],"product_cat":[47],"product_tag":[],"_links":{"self":[{"href":"https:\/\/mixspy.com\/index.php\/wp-json\/wp\/v2\/product\/354"}],"collection":[{"href":"https:\/\/mixspy.com\/index.php\/wp-json\/wp\/v2\/product"}],"about":[{"href":"https:\/\/mixspy.com\/index.php\/wp-json\/wp\/v2\/types\/product"}],"replies":[{"embeddable":true,"href":"https:\/\/mixspy.com\/index.php\/wp-json\/wp\/v2\/comments?post=354"}],"wp:featuredmedia":[{"embeddable":true,"href":"https:\/\/mixspy.com\/index.php\/wp-json\/wp\/v2\/media\/355"}],"wp:attachment":[{"href":"https:\/\/mixspy.com\/index.php\/wp-json\/wp\/v2\/media?parent=354"}],"wp:term":[{"taxonomy":"product_cat","embeddable":true,"href":"https:\/\/mixspy.com\/index.php\/wp-json\/wp\/v2\/product_cat?post=354"},{"taxonomy":"product_tag","embeddable":true,"href":"https:\/\/mixspy.com\/index.php\/wp-json\/wp\/v2\/product_tag?post=354"}],"curies":[{"name":"wp","href":"https:\/\/api.w.org\/{rel}","templated":true}]}}