{"id":330,"date":"2022-05-11T11:47:59","date_gmt":"2022-05-11T11:47:59","guid":{"rendered":"https:\/\/mixspy.com\/?post_type=product&#038;p=330"},"modified":"2026-03-03T20:54:58","modified_gmt":"2026-03-03T20:54:58","slug":"gps-mini-track","status":"publish","type":"product","link":"https:\/\/mixspy.com\/index.php\/product\/gps-mini-track\/","title":{"rendered":"Smart Mini GPS Tracking Device"},"content":{"rendered":"<h1 class=\"a-size-base-plus a-text-bold\">Description<\/h1>\n<p>Type: Magn\u00e9tique Localisateur GPS<br \/>\nMat\u00e9riau: Plastique<br \/>\nCouleur: Noir<br \/>\nDimension: 1.57&#215;0.91&#215;0.63 pouces (40x23x16mm)<br \/>\nTemps de conversation: 150 &#8211; 180 minutes<br \/>\nTemps de travail: 4 &#8211; 6 jours Carte d&#8217;extension: Mini carte TF<br \/>\nR\u00e9seau: GSM\/GPRS La Bande GSM: 850\/900\/1800\/1900Mhz GMS<br \/>\nLocalisation Temps: 25 Secondes Entr\u00e9e d&#8217;alimentation: AC 110-220V 50\/60Hz Puissance De Sortie: DC5V 300 &#8211; 500mA<br \/>\nCapacit\u00e9 de La batterie: 3.7V 400mAh Li-ion Batterie Tension De travail: 3.4 &#8211; 4.2V DC<br \/>\nTemp\u00e9rature de stockage. : 40 \u00e0 85 Degr\u00e9s Celsius Temp De fonctionnement. : 20 \u00e0 55 Degr\u00e9s Celsius<br \/>\nHumidit\u00e9: 5%-95% sans condensation<br \/>\nAttention: Doit ins\u00e9rer une carte SIM avant le remplissage.<br \/>\nLe forfait Comprend: 1 x Mini Tracker 1 x C\u00e2ble USB 1 x Manuel de L&#8217;utilisateur<\/p>\n","protected":false},"excerpt":{"rendered":"<p class=\"a-size-base-plus a-text-bold\"><strong>About this item<\/strong><\/p>\n<p>Type: Magn\u00e9tique Localisateur GPS<br \/>\nMat\u00e9riau: Plastique<br \/>\nCouleur: Noir<\/p>\n","protected":false},"featured_media":331,"comment_status":"open","ping_status":"closed","template":"","meta":[],"product_cat":[46],"product_tag":[],"_links":{"self":[{"href":"https:\/\/mixspy.com\/index.php\/wp-json\/wp\/v2\/product\/330"}],"collection":[{"href":"https:\/\/mixspy.com\/index.php\/wp-json\/wp\/v2\/product"}],"about":[{"href":"https:\/\/mixspy.com\/index.php\/wp-json\/wp\/v2\/types\/product"}],"replies":[{"embeddable":true,"href":"https:\/\/mixspy.com\/index.php\/wp-json\/wp\/v2\/comments?post=330"}],"wp:featuredmedia":[{"embeddable":true,"href":"https:\/\/mixspy.com\/index.php\/wp-json\/wp\/v2\/media\/331"}],"wp:attachment":[{"href":"https:\/\/mixspy.com\/index.php\/wp-json\/wp\/v2\/media?parent=330"}],"wp:term":[{"taxonomy":"product_cat","embeddable":true,"href":"https:\/\/mixspy.com\/index.php\/wp-json\/wp\/v2\/product_cat?post=330"},{"taxonomy":"product_tag","embeddable":true,"href":"https:\/\/mixspy.com\/index.php\/wp-json\/wp\/v2\/product_tag?post=330"}],"curies":[{"name":"wp","href":"https:\/\/api.w.org\/{rel}","templated":true}]}}